{"id":6362,"date":"2026-04-24T15:42:01","date_gmt":"2026-04-24T13:42:01","guid":{"rendered":"https:\/\/www.ilcamgroup.com\/?page_id=6362"},"modified":"2026-04-24T15:43:40","modified_gmt":"2026-04-24T13:43:40","slug":"ilmest-slo","status":"publish","type":"page","link":"https:\/\/www.ilcamgroup.com\/en\/ilmest-slo\/","title":{"rendered":"ILMEST"},"content":{"rendered":"<div class=\"wpb-content-wrapper\"><p>[vc_section el_class=&#8221;s-p100&#8243;][vc_row][vc_column][vc_single_image image=&#8221;669&#8243; img_size=&#8221;full&#8221; css=&#8221;.vc_custom_1737388831959{margin-bottom: 0px !important;}&#8221; el_class=&#8221;icg-logo-azienda&#8221;][vc_row_inner el_id=&#8221;icg-interne-intro&#8221;][vc_column_inner width=&#8221;2\/3&#8243; offset=&#8221;vc_col-lg-7&#8243;][vc_raw_html css=&#8221;&#8221;]JTNDaDElM0UlM0NzcGFuJTIwc3R5bGUlM0QlMjJsaW5lLWhlaWdodCUzQTElMjIlM0VTUEVDSUFMSVpJUkFOSSUyMFBST0laVk9ETkklMjBQT1NUT1BLSSUyMFBSSSUyMElaREVMQVZJJTIwS1VISU5KU0tJSCUyMEZST05UJTIwSU4lMjBGVVJOSVJBTklIJTIwUExPJUM1JUEwJUM0JThDJTIwSVolMjBPUExFTUVOSVRFR0ElMjBMRVNBJTNDJTJGc3BhbiUzRSUzQyUyRmgxJTNF[\/vc_raw_html][\/vc_column_inner][vc_column_inner width=&#8221;1\/3&#8243;][\/vc_column_inner][\/vc_row_inner][vc_raw_html css=&#8221;&#8221;]JTNDZGl2JTIwY2xhc3MlM0QlMjJhbmNvcmUlMjIlM0UlMEElMjAlMjAlMjAlMjAlM0NhJTIwaHJlZiUzRCUyMiUyM2Rlc2MlMjIlM0VPUElTJTNDJTJGYSUzRSUwQSUyMCUyMCUyMCUyMCUzQ2ElMjBocmVmJTNEJTIyJTIzdGVjJTIyJTNFVEVITk9MT0dJSkUlM0MlMkZhJTNFJTBBJTIwJTIwJTIwJTIwJTNDYSUyMGhyZWYlM0QlMjIlMjNmb3RvJTIyJTNFRk9UT0dBTEVSSUpBJTNDJTJGYSUzRSUwQSUzQyUyRmRpdiUzRQ==[\/vc_raw_html][vc_row_inner el_id=&#8221;icg-interne-storia&#8221;][vc_column_inner css=&#8221;.vc_custom_1759509295000{padding-right: 50px !important;}&#8221; offset=&#8221;vc_col-lg-6 vc_col-md-6 vc_col-xs-12&#8243;][vc_column_text css=&#8221;&#8221;]Podjetje ILMEST je del mednarodnega koncerna Ilcam s sede\u017eem v Krminu v Italiji. Podjetje je bilo ustanovljen leta 1993 s sede\u017eem v Novi Gorici. Nastalo je \u00a0s prevzemom obrata in dejavnosti lesnega oddelka podjetja Meblo Holding, do takrat najve\u010djega proizvajalca pohi\u0161tva v nekdanji Jugoslaviji. Za skupino ILCAM Group je ta investicija predstavlja prvi korak te skupine k internacionalizaciji poslovanja.<\/p>\n<p>V uvodnih letih je bila osnovna dejavnosti obdelava masivnega lesa. Leta 2000 se je ILMEST specializiral za furniranje tankih plo\u0161\u010d, sprva za izdelavo masivnih lesenih kuhinjskih front, kasneje pa tudi za izdelavo stranic in furniranih kuhinjskih front. Trenutno podjetje s temi izdelki oskrbuje vsa podjetja znotraj skupine.[\/vc_column_text][\/vc_column_inner][vc_column_inner css=&#8221;.vc_custom_1759509307408{padding-right: 50px !important;}&#8221; offset=&#8221;vc_col-lg-6 vc_col-md-6 vc_col-xs-12&#8243;][vc_column_text css=&#8221;&#8221;]Leta 2010 je ILMEST vzpostavil tudi oddelek za pakiranje. Od leta 2017 proizvaja nizkoserijske embala\u017ene \u0161katle z uporabo specializiranih strojev, ki zagotavljajo veliko prilagodljivost in kratek \u010das izdelave.<\/p>\n<p>Od leta 2014 podjetje upravlja lasten vozni park z 8 tovornjaki in 20 prikolicami, s katerimi zagotavlja vse interne logisti\u010dne potrebe skupine.<\/p>\n<p>Od svoje ustanovitve ILMEST temelji na strate\u0161ki usmeritvi stalnega vlaganja v znanje in napredne tehnologije. Ta usmeritev predstavlja enega klju\u010dnih dejavnikov za \u0161iritev proizvodnih zmogljivosti, avtomatizacijo linij za razrez in robno obdelavo ter uvedbo najsodobnej\u0161ega, v Evropi edinstvenega sistema stiskanja.[\/vc_column_text][\/vc_column_inner][\/vc_row_inner][\/vc_column][\/vc_row][\/vc_section][vc_section el_id=&#8221;icg-ilcam-fascia&#8221; css=&#8221;.vc_custom_1637143138963{background-image: url(https:\/\/www.ilcamgroup.com\/wp-content\/uploads\/ilcamgroup-ilcam-fascia-limest.jpg?id=289) !important;background-position: center !important;background-repeat: no-repeat !important;background-size: cover !important;}&#8221;][\/vc_section][vc_section el_class=&#8221;s-p100&#8243;][vc_row el_id=&#8221;icg-interne-desc&#8221; el_class=&#8221;icg-company&#8221;][vc_column offset=&#8221;vc_col-lg-6 vc_col-md-6&#8243;][vc_raw_html css=&#8221;&#8221; el_id=&#8221;desc&#8221;]JTNDaDIlMjBjbGFzcyUzRCUyMnZ0LXRpdGxlJTIyJTNFT1BJUyUzQyUyRmgyJTNF[\/vc_raw_html][vc_column_text css=&#8221;&#8221;]Z izborom naj\u017elahtnej\u0161ih lesnih vrst in natan\u010dno izvedbo vsake faze proizvodnega procesa ILMEST ustvarja kuhinjske fronte in furnirane plo\u0161\u010de vrhunske estetske dovr\u0161enosti. Njihove povr\u0161ine odlikuje pristen, naraven videz, ki poudarja lepoto in edinstvenost lesa.<\/p>\n<p>Podjetje poleg proizvodnje zagotavlja tudi celovite storitve pakiranja in logisti\u010dno podporo drugim dru\u017ebam v skupini, s \u010dimer zagotavlja u\u010dinkovitost, zanesljivost in visoko raven storitev.[\/vc_column_text][vc_raw_html]JTVCY2VydGlmaWNhemlvbmklNUQ=[\/vc_raw_html][vc_raw_html css=&#8221;&#8221;]JTBEJTBBJTNDZGl2JTIwY2xhc3MlM0QlMjJsaW5rcyUyMGRvY3MlMjIlM0UlMEQlMEElMjAlMjAlMjAlMjAlM0NkaXYlMjBjbGFzcyUzRCUyMmljZy1saW5rLXNpdG8lMjIlM0UlM0NhJTIwaHJlZiUzRCUyMiUyRndwLWNvbnRlbnQlMkZ1cGxvYWRzJTJGaWxjYW1ncm91cC1pbG1lc3QtRlNDLWNlcnRpZmljYXRlLWVuLnBkZiUyMiUyMHRhcmdldCUzRCUyMl9ibGFuayUyMiUzRUNlcnRpZmlrYXQlMjBGU0MlM0MlMkZhJTNFJTNDJTJGZGl2JTNFJTBEJTBBJTIwJTIwJTIwJTIwJTNDZGl2JTIwY2xhc3MlM0QlMjJpY2ctbGluay1zaXRvJTIyJTNFJTNDYSUyMGhyZWYlM0QlMjIlMkZ3cC1jb250ZW50JTJGdXBsb2FkcyUyRmlsY2FtZ3JvdXAtaWxtZXN0LVBFRkMtY2VydGlmaWNhdGUtZW4ucGRmJTIyJTIwdGFyZ2V0JTNEJTIyX2JsYW5rJTIyJTNFQ2VydGlmaWthdCUyMFBFRkMlM0MlMkZhJTNFJTNDJTJGZGl2JTNFJTBEJTBBJTNDJTJGZGl2JTNFJTBEJTBBJTBEJTBBJTIwJTIwJTIwJTIw[\/vc_raw_html][\/vc_column][vc_column offset=&#8221;vc_col-lg-6 vc_col-md-6&#8243;][vc_raw_html css=&#8221;&#8221; el_id=&#8221;tec&#8221;]JTNDaDIlMjBjbGFzcyUzRCUyMnZ0LXRpdGxlJTIyJTNFVEVITk9MT0dJSkUlM0MlMkZoMiUzRQ==[\/vc_raw_html][vc_column_text css=&#8221;&#8221;]ILCAM Group zdru\u017euje strokovnost \u0161estih podjetij, vsako s svojo specializacijo, kar omogo\u010da uporabo osmih naprednih proizvodnih tehnologij. Skupina izdeluje kuhinjske fronte, plo\u0161\u010de z razli\u010dnimi zaklju\u010dki in dodatke, pri \u010demer zagotavlja kakovost in estetiko v vsakem detajlu.<\/p>\n<p>ILMEST je specializiran za:[\/vc_column_text][vc_raw_html css=&#8221;&#8221;]JTNDZGl2JTIwY2xhc3MlM0QlMjJhbmNvcmUlMjB0ZWMlMjIlM0UlMEElMjAlMjAlMjAlMjAlM0NhJTIwaHJlZiUzRCUyMiUyRmVuJTJGdGVjaG5vbG9naWVzJTJGJTIzd29vZF92ZW5lZXJpbmclMjIlM0VGVVJOSVJBTkpFJTIwTEVTQSUyMCUyOFdPT0QlMjBWRU5FRVJJTkclMjklM0MlMkZhJTNFJTBBJTNDJTJGZGl2JTNF[\/vc_raw_html][vc_raw_html css=&#8221;&#8221;]JTNDaDIlMjBjbGFzcyUzRCUyMnZ0LXRpdGxlJTIyJTNFSUxNRVNUJTIwT1NSRURPVE8lQzQlOENFTkklMjBOQSUyME5BJUM1JUEwRSUyMFpBUE9TTEVORSUzQyUyRmgyJTNF[\/vc_raw_html][vc_column_text css=&#8221;&#8221;]Skupina <strong>ILCAM<\/strong> Group postavlja \u010dloveka v sredi\u0161\u010de svojega delovanja \u2013 v besedah in v dejanjih. Vklju\u010devanje, enake mo\u017enosti in kakovost delovnega \u017eivljenja sodelavcev so temeljne vrednote politike skupine.<\/p>\n<p>Zaveza k za\u0161\u010diti se uresni\u010duje skozi pobude, ukrepe in re\u0161itve, ki zagotavljajo zaposlenim delo v varnem okolju ter varujejo njihovo zdravje in fizi\u010dno ter moralno integriteto.[\/vc_column_text][vc_raw_html css=&#8221;&#8221;]JTBEJTBBJTNDZGl2JTIwY2xhc3MlM0QlMjJsaW5rcyUyMGRvY3MlMjIlM0UlMEQlMEElMjAlMjAlMjAlMjAlM0NkaXYlMjBjbGFzcyUzRCUyMmljZy1saW5rLXNpdG8lMjIlM0UlM0NhJTIwaHJlZiUzRCUyMiUyRndwLWNvbnRlbnQlMkZ1cGxvYWRzJTJGaWxjYW1ncm91cC1pbG1lc3QtUHJhdmlsbmlrLW8tcHJlcG92ZWRpLXNwb2xuZWdhLW5hZGxlZ292YW5qYS5wZGYlMjIlMjB0YXJnZXQlM0QlMjJfYmxhbmslMjIlM0VQcmF2aWxuaWslMjBvJTIwcHJlcG92ZWRpJTIwc3BvbG5paCUyMGluJTIwZHJ1Z2loJTIwb2JsaWslMjBuYWRsZWdvdmFuamElMjBhbGklMjBtb2JpbmdhJTIwbmElMjBkZWxvdm5lbSUyMG1lc3R1JTIwcHJpJTIwcG9kamV0anUlMjBJTE1FU1QlMjBkLm8uby4lM0MlMkZhJTNFJTNDJTJGZGl2JTNFJTBEJTBBJTIwJTIwJTIwJTIwJTNDZGl2JTIwY2xhc3MlM0QlMjJpY2ctbGluay1zaXRvJTIyJTNFJTNDYSUyMGhyZWYlM0QlMjIlMkZ3cC1jb250ZW50JTJGdXBsb2FkcyUyRmlsY2FtZ3JvdXAtaWxtZXN0LVByYXZpbG5pay1vLWRvc3RvamFuc3R2dS16YXBvc2xlbmloLnBkZiUyMiUyMHRhcmdldCUzRCUyMl9ibGFuayUyMiUzRVByYXZpbG5payUyMGluJTIwbmF2b2RpbG8lMjBvJTIwcG9zdG9wa3UlMjB0ZXIlMjB1a3JlcGloJTIwemElMjB6YSVDNSVBMSVDNCU4RGl0byUyMGRvc3RvamFuc3R2YSUyMHphcG9zbGVuaWglMjBwcmklMjBwb2RqZXRqdSUyMElMTUVTVCUyMGQuby5vLiUzQyUyRmElM0UlM0MlMkZkaXYlM0UlMEQlMEElMjAlMjAlMjAlMjAlM0NkaXYlMjBjbGFzcyUzRCUyMmljZy1saW5rLXNpdG8lMjIlM0UlM0NhJTIwaHJlZiUzRCUyMiUyRndwLWNvbnRlbnQlMkZ1cGxvYWRzJTJGaWxjYW1ncm91cC1pbG1lc3QtUHJhdmlsbmlrLXphLXByaWphdm8ucGRmJTIyJTIwdGFyZ2V0JTNEJTIyX2JsYW5rJTIyJTNFUHJhdmlsbmlrJTIwbyUyMHZ6cG9zdGF2aXR2aSUyMG5vdHJhbmplZ2ElMjBrYW5hbGElMjB6YSUyMHByaWphdm8lMjBrciVDNSVBMWl0ZXYlM0MlMkZhJTNFJTNDJTJGZGl2JTNFJTBEJTBBJTNDJTJGZGl2JTNFJTBEJTBBJTBEJTBBJTIwJTIwJTIwJTIw[\/vc_raw_html][\/vc_column][\/vc_row][\/vc_section][vc_section el_class=&#8221;s-p100&#8243;][vc_row el_id=&#8221;icg-interne-desc&#8221; el_class=&#8221;icg-company&#8221;][vc_column offset=&#8221;vc_col-lg-6 vc_col-md-6&#8243;][\/vc_column][vc_column offset=&#8221;vc_col-lg-6 vc_col-md-6&#8243;][\/vc_column][\/vc_row][\/vc_section][vc_row][vc_column][vc_raw_html]JTVCZm90b2dhbGxlcnklNUQ=[\/vc_raw_html][\/vc_column][\/vc_row]<\/p>\n<\/div>","protected":false},"excerpt":{"rendered":"<p>[vc_section el_class=&#8221;s-p100&#8243;][vc_row][vc_column][vc_single_image image=&#8221;669&#8243; img_size=&#8221;full&#8221; css=&#8221;.vc_custom_1737388831959{margin-bottom: 0px !important;}&#8221; el_class=&#8221;icg-logo-azienda&#8221;][vc_row_inner el_id=&#8221;icg-interne-intro&#8221;][vc_column_inner width=&#8221;2\/3&#8243; offset=&#8221;vc_col-lg-7&#8243;][vc_raw_html css=&#8221;&#8221;]JTNDaDElM0UlM0NzcGFuJTIwc3R5bGUlM0QlMjJsaW5lLWhlaWdodCUzQTElMjIlM0VTUEVDSUFMSVpJUkFOSSUyMFBST0laVk9ETkklMjBQT1NUT1BLSSUyMFBSSSUyMElaREVMQVZJJTIwS1VISU5KU0tJSCUyMEZST05UJTIwSU4lMjBGVVJOSVJBTklIJTIwUExPJUM1JUEwJUM0JThDJTIwSVolMjBPUExFTUVOSVRFR0ElMjBMRVNBJTNDJTJGc3BhbiUzRSUzQyUyRmgxJTNF[\/vc_raw_html][\/vc_column_inner][vc_column_inner width=&#8221;1\/3&#8243;][\/vc_column_inner][\/vc_row_inner][vc_raw_html css=&#8221;&#8221;]JTNDZGl2JTIwY2xhc3MlM0QlMjJhbmNvcmUlMjIlM0UlMEElMjAlMjAlMjAlMjAlM0NhJTIwaHJlZiUzRCUyMiUyM2Rlc2MlMjIlM0VPUElTJTNDJTJGYSUzRSUwQSUyMCUyMCUyMCUyMCUzQ2ElMjBocmVmJTNEJTIyJTIzdGVjJTIyJTNFVEVITk9MT0dJSkUlM0MlMkZhJTNFJTBBJTIwJTIwJTIwJTIwJTNDYSUyMGhyZWYlM0QlMjIlMjNmb3RvJTIyJTNFRk9UT0dBTEVSSUpBJTNDJTJGYSUzRSUwQSUzQyUyRmRpdiUzRQ==[\/vc_raw_html][vc_row_inner el_id=&#8221;icg-interne-storia&#8221;][vc_column_inner css=&#8221;.vc_custom_1759509295000{padding-right: 50px !important;}&#8221; offset=&#8221;vc_col-lg-6 vc_col-md-6 vc_col-xs-12&#8243;][vc_column_text css=&#8221;&#8221;]Podjetje ILMEST je del mednarodnega koncerna Ilcam s sede\u017eem v Krminu v Italiji. Podjetje je bilo ustanovljen leta 1993 s sede\u017eem v Novi Gorici. Nastalo je \u00a0s prevzemom obrata in dejavnosti lesnega oddelka podjetja [&hellip;]<\/p>\n","protected":false},"author":1,"featured_media":0,"parent":0,"menu_order":0,"comment_status":"closed","ping_status":"closed","template":"page-interne.php","meta":{"_acf_changed":false,"inline_featured_image":false,"footnotes":""},"class_list":["post-6362","page","type-page","status-publish","hentry"],"acf":[],"yoast_head":"<!-- This site is optimized with the Yoast SEO plugin v27.4 - https:\/\/yoast.com\/product\/yoast-seo-wordpress\/ -->\n<title>ILMEST | ILCAM Group - One partner, all frontals<\/title>\n<meta name=\"description\" content=\"Z izborom naj\u017elahtnej\u0161ih lesnih vrst in natan\u010dno izvedbo vsake faze proizvodnega procesa ILMEST ustvarja kuhinjske fronte in furnirane plo\u0161\u010de vrhunske estetske dovr\u0161enosti\" \/>\n<meta name=\"robots\" content=\"index, follow, max-snippet:-1, max-image-preview:large, max-video-preview:-1\" \/>\n<link rel=\"canonical\" href=\"https:\/\/www.ilcamgroup.com\/en\/ilmest-slo\/\" \/>\n<meta property=\"og:locale\" content=\"en_US\" \/>\n<meta property=\"og:type\" content=\"article\" \/>\n<meta property=\"og:title\" content=\"ILMEST | ILCAM Group - One partner, all frontals\" \/>\n<meta property=\"og:description\" content=\"Z izborom naj\u017elahtnej\u0161ih lesnih vrst in natan\u010dno izvedbo vsake faze proizvodnega procesa ILMEST ustvarja kuhinjske fronte in furnirane plo\u0161\u010de vrhunske estetske dovr\u0161enosti\" \/>\n<meta property=\"og:url\" content=\"https:\/\/www.ilcamgroup.com\/en\/ilmest-slo\/\" \/>\n<meta property=\"og:site_name\" content=\"ILCAM Group\" \/>\n<meta property=\"article:modified_time\" content=\"2026-04-24T13:43:40+00:00\" \/>\n<meta name=\"twitter:card\" content=\"summary_large_image\" \/>\n<meta name=\"twitter:label1\" content=\"Est. reading time\" \/>\n\t<meta name=\"twitter:data1\" content=\"2 minutes\" \/>\n<script type=\"application\/ld+json\" class=\"yoast-schema-graph\">{\"@context\":\"https:\\\/\\\/schema.org\",\"@graph\":[{\"@type\":\"WebPage\",\"@id\":\"https:\\\/\\\/www.ilcamgroup.com\\\/en\\\/ilmest-slo\\\/\",\"url\":\"https:\\\/\\\/www.ilcamgroup.com\\\/en\\\/ilmest-slo\\\/\",\"name\":\"ILMEST | ILCAM Group - One partner, all frontals\",\"isPartOf\":{\"@id\":\"https:\\\/\\\/www.ilcamgroup.com\\\/en\\\/#website\"},\"datePublished\":\"2026-04-24T13:42:01+00:00\",\"dateModified\":\"2026-04-24T13:43:40+00:00\",\"description\":\"Z izborom naj\u017elahtnej\u0161ih lesnih vrst in natan\u010dno izvedbo vsake faze proizvodnega procesa ILMEST ustvarja kuhinjske fronte in furnirane plo\u0161\u010de vrhunske estetske dovr\u0161enosti\",\"breadcrumb\":{\"@id\":\"https:\\\/\\\/www.ilcamgroup.com\\\/en\\\/ilmest-slo\\\/#breadcrumb\"},\"inLanguage\":\"en-US\",\"potentialAction\":[{\"@type\":\"ReadAction\",\"target\":[\"https:\\\/\\\/www.ilcamgroup.com\\\/en\\\/ilmest-slo\\\/\"]}]},{\"@type\":\"BreadcrumbList\",\"@id\":\"https:\\\/\\\/www.ilcamgroup.com\\\/en\\\/ilmest-slo\\\/#breadcrumb\",\"itemListElement\":[{\"@type\":\"ListItem\",\"position\":1,\"name\":\"Home\",\"item\":\"https:\\\/\\\/www.ilcamgroup.com\\\/en\\\/ilcamgroup-homepage\\\/\"},{\"@type\":\"ListItem\",\"position\":2,\"name\":\"ILMEST\"}]},{\"@type\":\"WebSite\",\"@id\":\"https:\\\/\\\/www.ilcamgroup.com\\\/en\\\/#website\",\"url\":\"https:\\\/\\\/www.ilcamgroup.com\\\/en\\\/\",\"name\":\"ILCAM Group\",\"description\":\"One partner, all frontals\",\"publisher\":{\"@id\":\"https:\\\/\\\/www.ilcamgroup.com\\\/en\\\/#organization\"},\"potentialAction\":[{\"@type\":\"SearchAction\",\"target\":{\"@type\":\"EntryPoint\",\"urlTemplate\":\"https:\\\/\\\/www.ilcamgroup.com\\\/en\\\/?s={search_term_string}\"},\"query-input\":{\"@type\":\"PropertyValueSpecification\",\"valueRequired\":true,\"valueName\":\"search_term_string\"}}],\"inLanguage\":\"en-US\"},{\"@type\":\"Organization\",\"@id\":\"https:\\\/\\\/www.ilcamgroup.com\\\/en\\\/#organization\",\"name\":\"ILCAM Group\",\"url\":\"https:\\\/\\\/www.ilcamgroup.com\\\/en\\\/\",\"logo\":{\"@type\":\"ImageObject\",\"inLanguage\":\"en-US\",\"@id\":\"https:\\\/\\\/www.ilcamgroup.com\\\/en\\\/#\\\/schema\\\/logo\\\/image\\\/\",\"url\":\"https:\\\/\\\/www.ilcamgroup.com\\\/wp-content\\\/uploads\\\/ilcamgroup-logo-payoff.png\",\"contentUrl\":\"https:\\\/\\\/www.ilcamgroup.com\\\/wp-content\\\/uploads\\\/ilcamgroup-logo-payoff.png\",\"width\":354,\"height\":62,\"caption\":\"ILCAM Group\"},\"image\":{\"@id\":\"https:\\\/\\\/www.ilcamgroup.com\\\/en\\\/#\\\/schema\\\/logo\\\/image\\\/\"}}]}<\/script>\n<!-- \/ Yoast SEO plugin. -->","yoast_head_json":{"title":"ILMEST | ILCAM Group - One partner, all frontals","description":"Z izborom naj\u017elahtnej\u0161ih lesnih vrst in natan\u010dno izvedbo vsake faze proizvodnega procesa ILMEST ustvarja kuhinjske fronte in furnirane plo\u0161\u010de vrhunske estetske dovr\u0161enosti","robots":{"index":"index","follow":"follow","max-snippet":"max-snippet:-1","max-image-preview":"max-image-preview:large","max-video-preview":"max-video-preview:-1"},"canonical":"https:\/\/www.ilcamgroup.com\/en\/ilmest-slo\/","og_locale":"en_US","og_type":"article","og_title":"ILMEST | ILCAM Group - One partner, all frontals","og_description":"Z izborom naj\u017elahtnej\u0161ih lesnih vrst in natan\u010dno izvedbo vsake faze proizvodnega procesa ILMEST ustvarja kuhinjske fronte in furnirane plo\u0161\u010de vrhunske estetske dovr\u0161enosti","og_url":"https:\/\/www.ilcamgroup.com\/en\/ilmest-slo\/","og_site_name":"ILCAM Group","article_modified_time":"2026-04-24T13:43:40+00:00","twitter_card":"summary_large_image","twitter_misc":{"Est. reading time":"2 minutes"},"schema":{"@context":"https:\/\/schema.org","@graph":[{"@type":"WebPage","@id":"https:\/\/www.ilcamgroup.com\/en\/ilmest-slo\/","url":"https:\/\/www.ilcamgroup.com\/en\/ilmest-slo\/","name":"ILMEST | ILCAM Group - One partner, all frontals","isPartOf":{"@id":"https:\/\/www.ilcamgroup.com\/en\/#website"},"datePublished":"2026-04-24T13:42:01+00:00","dateModified":"2026-04-24T13:43:40+00:00","description":"Z izborom naj\u017elahtnej\u0161ih lesnih vrst in natan\u010dno izvedbo vsake faze proizvodnega procesa ILMEST ustvarja kuhinjske fronte in furnirane plo\u0161\u010de vrhunske estetske dovr\u0161enosti","breadcrumb":{"@id":"https:\/\/www.ilcamgroup.com\/en\/ilmest-slo\/#breadcrumb"},"inLanguage":"en-US","potentialAction":[{"@type":"ReadAction","target":["https:\/\/www.ilcamgroup.com\/en\/ilmest-slo\/"]}]},{"@type":"BreadcrumbList","@id":"https:\/\/www.ilcamgroup.com\/en\/ilmest-slo\/#breadcrumb","itemListElement":[{"@type":"ListItem","position":1,"name":"Home","item":"https:\/\/www.ilcamgroup.com\/en\/ilcamgroup-homepage\/"},{"@type":"ListItem","position":2,"name":"ILMEST"}]},{"@type":"WebSite","@id":"https:\/\/www.ilcamgroup.com\/en\/#website","url":"https:\/\/www.ilcamgroup.com\/en\/","name":"ILCAM Group","description":"One partner, all frontals","publisher":{"@id":"https:\/\/www.ilcamgroup.com\/en\/#organization"},"potentialAction":[{"@type":"SearchAction","target":{"@type":"EntryPoint","urlTemplate":"https:\/\/www.ilcamgroup.com\/en\/?s={search_term_string}"},"query-input":{"@type":"PropertyValueSpecification","valueRequired":true,"valueName":"search_term_string"}}],"inLanguage":"en-US"},{"@type":"Organization","@id":"https:\/\/www.ilcamgroup.com\/en\/#organization","name":"ILCAM Group","url":"https:\/\/www.ilcamgroup.com\/en\/","logo":{"@type":"ImageObject","inLanguage":"en-US","@id":"https:\/\/www.ilcamgroup.com\/en\/#\/schema\/logo\/image\/","url":"https:\/\/www.ilcamgroup.com\/wp-content\/uploads\/ilcamgroup-logo-payoff.png","contentUrl":"https:\/\/www.ilcamgroup.com\/wp-content\/uploads\/ilcamgroup-logo-payoff.png","width":354,"height":62,"caption":"ILCAM Group"},"image":{"@id":"https:\/\/www.ilcamgroup.com\/en\/#\/schema\/logo\/image\/"}}]}},"_links":{"self":[{"href":"https:\/\/www.ilcamgroup.com\/en\/wp-json\/wp\/v2\/pages\/6362","targetHints":{"allow":["GET"]}}],"collection":[{"href":"https:\/\/www.ilcamgroup.com\/en\/wp-json\/wp\/v2\/pages"}],"about":[{"href":"https:\/\/www.ilcamgroup.com\/en\/wp-json\/wp\/v2\/types\/page"}],"author":[{"embeddable":true,"href":"https:\/\/www.ilcamgroup.com\/en\/wp-json\/wp\/v2\/users\/1"}],"replies":[{"embeddable":true,"href":"https:\/\/www.ilcamgroup.com\/en\/wp-json\/wp\/v2\/comments?post=6362"}],"version-history":[{"count":2,"href":"https:\/\/www.ilcamgroup.com\/en\/wp-json\/wp\/v2\/pages\/6362\/revisions"}],"predecessor-version":[{"id":6366,"href":"https:\/\/www.ilcamgroup.com\/en\/wp-json\/wp\/v2\/pages\/6362\/revisions\/6366"}],"wp:attachment":[{"href":"https:\/\/www.ilcamgroup.com\/en\/wp-json\/wp\/v2\/media?parent=6362"}],"curies":[{"name":"wp","href":"https:\/\/api.w.org\/{rel}","templated":true}]}}